{"id":349,"date":"2018-12-26T18:25:29","date_gmt":"2018-12-26T18:25:29","guid":{"rendered":"https:\/\/pepereina25.com\/sobre-mi\/"},"modified":"2019-06-19T15:16:24","modified_gmt":"2019-06-19T15:16:24","slug":"chi-sono","status":"publish","type":"page","link":"https:\/\/pepereina25.com\/it\/chi-sono\/","title":{"rendered":"Chi sono"},"content":{"rendered":"\n\t<section class=\"section\" id=\"section_562871281\">\n\t\t<div class=\"section-bg fill\" >\n\t\t\t<img loading=\"lazy\" decoding=\"async\" width=\"1920\" height=\"1097\" src=\"https:\/\/pepereina25.com\/wp-content\/uploads\/2019\/05\/pepe-reina-sobre-mi-bg.jpg\" class=\"bg attachment- size-\" alt=\"\" \/>\t\t\t\t\t\t\n\t\t\t\n\n\t\t<\/div>\n\n\t\t\n\n\t\t<div class=\"section-content relative\">\n\t\t\t\n<div class=\"row row-collapse row-full-width align-middle\"  id=\"row-167761040\">\n\n\t<div id=\"col-56747203\" class=\"col medium-4 small-12 large-4\"  >\n\t\t\t\t<div class=\"col-inner text-left\"  >\n\t\t\t\n\t\t\t\n\n  <div class=\"banner has-hover\" id=\"banner-711705081\">\n          <div class=\"banner-inner fill\">\n        <div class=\"banner-bg fill\" >\n            <img loading=\"lazy\" decoding=\"async\" width=\"777\" height=\"1024\" src=\"https:\/\/pepereina25.com\/wp-content\/uploads\/2019\/05\/pepe-reina-sobre-mi-777x1024.jpg\" class=\"bg attachment-large size-large\" alt=\"\" \/>                                    \n                    <\/div>\n\t\t\n        <div class=\"banner-layers container\">\n            <div class=\"fill banner-link\"><\/div>            \n        <\/div>\n      <\/div>\n\n            \n<style>\n#banner-711705081 {\n  padding-top: 90vh;\n  background-color: rgba(255, 255, 255, 0);\n}\n#banner-711705081 .banner-bg img {\n  object-position: 37% 24%;\n}\n<\/style>\n  <\/div>\n\n\n\t\t<\/div>\n\t\t\t\t\t<\/div>\n\n\t\n\n\t<div id=\"col-1010097846\" class=\"col sobre-mi-texto medium-8 small-12 large-8\"  >\n\t\t\t\t<div class=\"col-inner\"  >\n\t\t\t\n\t\t\t\n<p style=\"color: #000;\"><span style=\"font-size: 100%;\"><strong>Sono madrileno di nascita, ma cordovano di sangue e di cuore.<\/strong><\/span><br \/>\n<span style=\"font-size: 100%;\">Di sangue, perch\u00e9 i miei genitori e i miei nonni sono di Cordova; di cuore, perch\u00e9 quello che sono oggi lo devo alla mia dolce met\u00e0 Yolanda e a tantissime altre persone provenienti da questa fantastica terra andalusa.<\/span><\/p>\n<p style=\"color: #000;\"><span style=\"font-size: 100%;\"><strong>La mia famiglia \u00e8 la mia pi\u00f9 grande ricchezza. <\/strong><\/span><br \/>\n<span style=\"font-size: 100%;\">Sono padre di cinque figli: Grecia, Alma, Luca, Thiago e Sira. Il loro sorriso \u00e8 la mia vita. <\/span><br \/>\n<span style=\"font-size: 100%;\">I miei quattro fratelli, i miei suoceri e tutte le persone sempre al mio fianco sono il mio unico, imprescindibile bagaglio.<\/span><\/p>\n<p style=\"color: #000;\"><span style=\"font-size: 100%;\"><strong>Anche se sono passati molti anni da allora, ho esordito nel mondo del calcio segnando gol. <\/strong><\/span><br \/>\n<span style=\"font-size: 100%;\">Ben presto per\u00f2, grazie a mio padre, ho scoperto che il mio posto in campo era tra i pali.<\/span><\/p>\n<p style=\"color: #000;\"><span style=\"font-size: 100%;\"><strong>Ho dedicato pi\u00f9 di met\u00e0 della mia vita a questo incredibile sport.<\/strong><\/span><br \/>\n<span style=\"font-size: 100%;\">Dopo quasi 900 partite ufficiali da professionista, posso dire di aver formato la mia seconda famiglia, la mia grande \u201cfamiglia del calcio\u201d con cui mi sono divertito, ho imparato, ho pianto e soprattutto ho vissuto alcuni dei momenti pi\u00f9 importanti della mia vita.<\/span><\/p>\n<p style=\"color: #000;\"><span style=\"font-size: 100%;\"><strong>Vincere i Mondiali in Sudafrica nel 2010 \u00e8 stato il coronamento di un sogno.<\/strong><\/span><br \/>\n<span style=\"font-size: 100%;\">Insieme ai due Campionati europei consecutivi del 2008 e del 2012, la vittoria ai Mondiali ha segnato una pietra miliare nella storia del calcio. Tre traguardi che hanno unito un intero paese oltre qualsiasi differenza, oltre ogni polemica e crisi\u2026<\/span><\/p>\n<p style=\"color: #000;\"><span style=\"font-size: 100%;\">Al calcio e alla vita posso dire solo una cosa: <strong>GRAZIE<\/strong>.<\/span><\/p>\n\t\t<\/div>\n\t\t\t\t\t<\/div>\n\n\t\n<\/div>\n\t\t<\/div>\n\n\t\t\n<style>\n#section_562871281 {\n  padding-top: 0px;\n  padding-bottom: 0px;\n  min-height: 85vh;\n}\n#section_562871281 .section-bg img {\n  object-position: 51% 0%;\n}\n<\/style>\n\t<\/section>\n\t\n","protected":false},"excerpt":{"rendered":"","protected":false},"author":1,"featured_media":0,"parent":0,"menu_order":0,"comment_status":"closed","ping_status":"closed","template":"page-blank.php","meta":{"footnotes":""},"class_list":["post-349","page","type-page","status-publish","hentry"],"yoast_head":"<!-- This site is optimized with the Yoast SEO plugin v24.4 - https:\/\/yoast.com\/wordpress\/plugins\/seo\/ -->\n<title>Chi sono - Pepe Reina - P\u00e1gina web oficial<\/title>\n<meta name=\"robots\" content=\"index, follow, max-snippet:-1, max-image-preview:large, max-video-preview:-1\" \/>\n<link rel=\"canonical\" href=\"https:\/\/pepereina25.com\/it\/chi-sono\/\" \/>\n<meta property=\"og:locale\" content=\"it_IT\" \/>\n<meta property=\"og:type\" content=\"article\" \/>\n<meta property=\"og:title\" content=\"Chi sono - Pepe Reina - P\u00e1gina web oficial\" \/>\n<meta property=\"og:url\" content=\"https:\/\/pepereina25.com\/it\/chi-sono\/\" \/>\n<meta property=\"og:site_name\" content=\"Pepe Reina - P\u00e1gina web oficial\" \/>\n<meta property=\"article:modified_time\" content=\"2019-06-19T15:16:24+00:00\" \/>\n<meta name=\"twitter:card\" content=\"summary_large_image\" \/>\n<meta name=\"twitter:label1\" content=\"Tempo di lettura stimato\" \/>\n\t<meta name=\"twitter:data1\" content=\"1 minuto\" \/>\n<script type=\"application\/ld+json\" class=\"yoast-schema-graph\">{\"@context\":\"https:\/\/schema.org\",\"@graph\":[{\"@type\":\"WebPage\",\"@id\":\"https:\/\/pepereina25.com\/it\/chi-sono\/\",\"url\":\"https:\/\/pepereina25.com\/it\/chi-sono\/\",\"name\":\"Chi sono - Pepe Reina - P\u00e1gina web oficial\",\"isPartOf\":{\"@id\":\"https:\/\/pepereina25.com\/#website\"},\"datePublished\":\"2018-12-26T18:25:29+00:00\",\"dateModified\":\"2019-06-19T15:16:24+00:00\",\"breadcrumb\":{\"@id\":\"https:\/\/pepereina25.com\/it\/chi-sono\/#breadcrumb\"},\"inLanguage\":\"it-IT\",\"potentialAction\":[{\"@type\":\"ReadAction\",\"target\":[\"https:\/\/pepereina25.com\/it\/chi-sono\/\"]}]},{\"@type\":\"BreadcrumbList\",\"@id\":\"https:\/\/pepereina25.com\/it\/chi-sono\/#breadcrumb\",\"itemListElement\":[{\"@type\":\"ListItem\",\"position\":1,\"name\":\"Portada\",\"item\":\"https:\/\/pepereina25.com\/it\/home\/\"},{\"@type\":\"ListItem\",\"position\":2,\"name\":\"Chi sono\"}]},{\"@type\":\"WebSite\",\"@id\":\"https:\/\/pepereina25.com\/#website\",\"url\":\"https:\/\/pepereina25.com\/\",\"name\":\"Pepe Reina - P\u00e1gina web oficial\",\"description\":\"\",\"potentialAction\":[{\"@type\":\"SearchAction\",\"target\":{\"@type\":\"EntryPoint\",\"urlTemplate\":\"https:\/\/pepereina25.com\/?s={search_term_string}\"},\"query-input\":{\"@type\":\"PropertyValueSpecification\",\"valueRequired\":true,\"valueName\":\"search_term_string\"}}],\"inLanguage\":\"it-IT\"}]}<\/script>\n<!-- \/ Yoast SEO plugin. -->","yoast_head_json":{"title":"Chi sono - Pepe Reina - P\u00e1gina web oficial","robots":{"index":"index","follow":"follow","max-snippet":"max-snippet:-1","max-image-preview":"max-image-preview:large","max-video-preview":"max-video-preview:-1"},"canonical":"https:\/\/pepereina25.com\/it\/chi-sono\/","og_locale":"it_IT","og_type":"article","og_title":"Chi sono - Pepe Reina - P\u00e1gina web oficial","og_url":"https:\/\/pepereina25.com\/it\/chi-sono\/","og_site_name":"Pepe Reina - P\u00e1gina web oficial","article_modified_time":"2019-06-19T15:16:24+00:00","twitter_card":"summary_large_image","twitter_misc":{"Tempo di lettura stimato":"1 minuto"},"schema":{"@context":"https:\/\/schema.org","@graph":[{"@type":"WebPage","@id":"https:\/\/pepereina25.com\/it\/chi-sono\/","url":"https:\/\/pepereina25.com\/it\/chi-sono\/","name":"Chi sono - Pepe Reina - P\u00e1gina web oficial","isPartOf":{"@id":"https:\/\/pepereina25.com\/#website"},"datePublished":"2018-12-26T18:25:29+00:00","dateModified":"2019-06-19T15:16:24+00:00","breadcrumb":{"@id":"https:\/\/pepereina25.com\/it\/chi-sono\/#breadcrumb"},"inLanguage":"it-IT","potentialAction":[{"@type":"ReadAction","target":["https:\/\/pepereina25.com\/it\/chi-sono\/"]}]},{"@type":"BreadcrumbList","@id":"https:\/\/pepereina25.com\/it\/chi-sono\/#breadcrumb","itemListElement":[{"@type":"ListItem","position":1,"name":"Portada","item":"https:\/\/pepereina25.com\/it\/home\/"},{"@type":"ListItem","position":2,"name":"Chi sono"}]},{"@type":"WebSite","@id":"https:\/\/pepereina25.com\/#website","url":"https:\/\/pepereina25.com\/","name":"Pepe Reina - P\u00e1gina web oficial","description":"","potentialAction":[{"@type":"SearchAction","target":{"@type":"EntryPoint","urlTemplate":"https:\/\/pepereina25.com\/?s={search_term_string}"},"query-input":{"@type":"PropertyValueSpecification","valueRequired":true,"valueName":"search_term_string"}}],"inLanguage":"it-IT"}]}},"_links":{"self":[{"href":"https:\/\/pepereina25.com\/it\/wp-json\/wp\/v2\/pages\/349","targetHints":{"allow":["GET"]}}],"collection":[{"href":"https:\/\/pepereina25.com\/it\/wp-json\/wp\/v2\/pages"}],"about":[{"href":"https:\/\/pepereina25.com\/it\/wp-json\/wp\/v2\/types\/page"}],"author":[{"embeddable":true,"href":"https:\/\/pepereina25.com\/it\/wp-json\/wp\/v2\/users\/1"}],"replies":[{"embeddable":true,"href":"https:\/\/pepereina25.com\/it\/wp-json\/wp\/v2\/comments?post=349"}],"version-history":[{"count":3,"href":"https:\/\/pepereina25.com\/it\/wp-json\/wp\/v2\/pages\/349\/revisions"}],"predecessor-version":[{"id":413,"href":"https:\/\/pepereina25.com\/it\/wp-json\/wp\/v2\/pages\/349\/revisions\/413"}],"wp:attachment":[{"href":"https:\/\/pepereina25.com\/it\/wp-json\/wp\/v2\/media?parent=349"}],"curies":[{"name":"wp","href":"https:\/\/api.w.org\/{rel}","templated":true}]}}